{"id":158,"date":"2013-07-31T16:41:35","date_gmt":"2013-07-31T15:41:35","guid":{"rendered":"http:\/\/konigsmuhle.cz\/?page_id=158"},"modified":"2013-08-21T20:06:42","modified_gmt":"2013-08-21T19:06:42","slug":"medien","status":"publish","type":"page","link":"https:\/\/konigsmuhle.cz\/de\/jahr-2013\/medien\/","title":{"rendered":"Medien"},"content":{"rendered":"<h3>\u010cesk\u00e1 televize\u00a0(Tschechisches Fernsehen)<\/h3>\n<p><a href=\"https:\/\/www.ceskatelevize.cz\/ct24\/regiony\/194114-historii-pohranici-osvetli-pamatnik-v-opustene-obci\/\" target=\"_blank\">https:\/\/www.ceskatelevize.cz\/ct24\/regiony\/194114-historii-pohranici-osvetli-pamatnik-v-opustene-obci\/<\/a><\/p>\n<p>&nbsp;<\/p>\n<h3>iDNES\u00a0(Internetnachrichten)<\/h3>\n<p><a href=\"https:\/\/usti.idnes.cz\/umelci-promeni-zaniklou-osadu-v-krusnych-horach-na-prirodni-galerii-1go-\/usti-zpravy.aspx?c=A120510_174217_usti-zpravy_alh\" target=\"_blank\">https:\/\/usti.idnes.cz\/umelci-promeni-zaniklou-osadu-v-krusnych-horach-na-prirodni-galerii-1go-\/usti-zpravy.aspx?c=A120510_174217_usti-zpravy_alh<\/a><\/p>\n<p>&nbsp;<\/p>\n<h3>\u010cesk\u00fd rozhlas\u00a0(Tschechischer Rundfunk)<\/h3>\n<p><a href=\"https:\/\/www.rozhlas.cz\/mozaika\/literatura\/_zprava\/tvurci-setkani-v-konigsmuhle--1101825\" target=\"_blank\">https:\/\/www.rozhlas.cz\/mozaika\/literatura\/_zprava\/tvurci-setkani-v-konigsmuhle&#8211;1101825<\/a><\/p>\n<p>&nbsp;<\/p>\n<h3>Monatsheft\u00a0Kru\u0161n\u00e9 hory-z\u00e1pad<\/h3>\n<p><a href=\"https:\/\/www.herzgebirge.cz\/udalosti-aktuality\/10-2-2012-art-festival-konigsmuhle-%E2%80%93-cast-1-historicka-pamet-mista-divadelni-predstaveni-cerpajici-z-mistnich-pribehu-ktere-se-odehrava-v-ruinach-zanikle-obce-art-festival-konigsmuhle\/\">https:\/\/www.herzgebirge.cz\/udalosti-aktuality\/10-2-2012-art-festival-konigsmuhle-%E2%80%93-cast-1-historicka-pamet-mista-divadelni-predstaveni-cerpajici-z-mistnich-pribehu-ktere-se-odehrava-v-ruinach-zanikle-obce-art-festival-konigsmuhle\/<\/a><\/p>\n<p>&nbsp;<\/p>\n<h3>Nada\u010dn\u00ed fond Obnova Kru\u0161noho\u0159\u00ed<\/h3>\n<p><a href=\"https:\/\/www.obnovakrusnohori.cz\/clanek\/113-v-byvale-osade-konigsmuhle-u-klinovce-najdete-koncem-srpna-land-and-art-setkani-umelcu\/\">https:\/\/www.obnovakrusnohori.cz\/clanek\/113-v-byvale-osade-konigsmuhle-u-klinovce-najdete-koncem-srpna-land-and-art-setkani-umelcu\/<\/a><\/p>\n","protected":false},"excerpt":{"rendered":"<p>\u010cesk\u00e1 televize\u00a0(Tschechisches Fernsehen) https:\/\/www.ceskatelevize.cz\/ct24\/regiony\/194114-historii-pohranici-osvetli-pamatnik-v-opustene-obci\/ &nbsp; iDNES\u00a0(Internetnachrichten) https:\/\/usti.idnes.cz\/umelci-promeni-zaniklou-osadu-v-krusnych-horach-na-prirodni-galerii-1go-\/usti-zpravy.aspx?c=A120510_174217_usti-zpravy_alh &nbsp; \u010cesk\u00fd rozhlas\u00a0(Tschechischer Rundfunk) https:\/\/www.rozhlas.cz\/mozaika\/literatura\/_zprava\/tvurci-setkani-v-konigsmuhle&#8211;1101825 &nbsp; Monatsheft\u00a0Kru\u0161n\u00e9 hory-z\u00e1pad https:\/\/www.herzgebirge.cz\/udalosti-aktuality\/10-2-2012-art-festival-konigsmuhle-%E2%80%93-cast-1-historicka-pamet-mista-divadelni-predstaveni-cerpajici-z-mistnich-pribehu-ktere-se-odehrava-v-ruinach-zanikle-obce-art-festival-konigsmuhle\/ &nbsp; Nada\u010dn\u00ed fond Obnova Kru\u0161noho\u0159\u00ed https:\/\/www.obnovakrusnohori.cz\/clanek\/113-v-byvale-osade-konigsmuhle-u-klinovce-najdete-koncem-srpna-land-and-art-setkani-umelcu\/<\/p>\n","protected":false},"author":1,"featured_media":0,"parent":147,"menu_order":7,"comment_status":"closed","ping_status":"closed","template":"","meta":{"_acf_changed":false,"footnotes":""},"acf":[],"_links":{"self":[{"href":"https:\/\/konigsmuhle.cz\/de\/wp-json\/wp\/v2\/pages\/158"}],"collection":[{"href":"https:\/\/konigsmuhle.cz\/de\/wp-json\/wp\/v2\/pages"}],"about":[{"href":"https:\/\/konigsmuhle.cz\/de\/wp-json\/wp\/v2\/types\/page"}],"author":[{"embeddable":true,"href":"https:\/\/konigsmuhle.cz\/de\/wp-json\/wp\/v2\/users\/1"}],"replies":[{"embeddable":true,"href":"https:\/\/konigsmuhle.cz\/de\/wp-json\/wp\/v2\/comments?post=158"}],"version-history":[{"count":0,"href":"https:\/\/konigsmuhle.cz\/de\/wp-json\/wp\/v2\/pages\/158\/revisions"}],"up":[{"embeddable":true,"href":"https:\/\/konigsmuhle.cz\/de\/wp-json\/wp\/v2\/pages\/147"}],"wp:attachment":[{"href":"https:\/\/konigsmuhle.cz\/de\/wp-json\/wp\/v2\/media?parent=158"}],"curies":[{"name":"wp","href":"https:\/\/api.w.org\/{rel}","templated":true}]}}