{"id":30,"date":"2013-07-23T20:25:52","date_gmt":"2013-07-23T20:25:52","guid":{"rendered":"http:\/\/localhost.landandart.cz\/?page_id=30"},"modified":"2013-08-24T02:14:14","modified_gmt":"2013-08-24T01:14:14","slug":"ihr-weg","status":"publish","type":"page","link":"https:\/\/konigsmuhle.cz\/de\/jahr-2013\/ihr-weg\/","title":{"rendered":"Ihr Weg"},"content":{"rendered":"<p><iframe loading=\"lazy\" src=\"https:\/\/mapsengine.google.com\/map\/embed?mid=zYS33Sq8GVOM.kkcSI9Qko_qs\" height=\"360\" width=\"510\" frameborder=\"0\" marginwidth=\"0\" marginheight=\"0\" scrolling=\"no\"><\/iframe><br \/>\n<small><a href=\"https:\/\/www.google.com\/maps\/ms?msa=0&amp;msid=212900150423128381533.0004e233bb5cdaf386338&amp;hl=cs&amp;ie=UTF8&amp;t=m&amp;ll=50.409393,12.994766&amp;spn=0.039384,0.102997&amp;z=13&amp;source=embed\">Gr\u00f6\u00dfere Kartenansicht<\/a> |\u00a0GPS Koordinaten: 50.40925 (Y)\u00b0 a\u00a013.00961 (X)\u00b0<\/small><\/p>\n<p>&nbsp;<\/p>\n<h3>Mit dem Auto, mit dem Rad und anders die Stra\u00dfe entlang<\/h3>\n<p><b>Richtung von M\u011bd\u011bnec, Kl\u00e1\u0161terec nad\u00a0Oh\u0159\u00ed, Kada\u0148 und Chomutov<\/b> \u2013\u00a0von der Gemeinde Horn\u00ed Hal\u017ee f\u00fchrt die Fahrstra\u00dfe Nr. 223. Ein paar Meter vor der Kreuzung beim Sportzentrum Kl\u00ednovec gibt es eine Abbiegung nach rechts zu der nicht markierten Asphaltstra\u00dfe ins Dorf H\u00e1j. Ungef\u00e4hr in der Mitte des Dorfs gibt es dann ein nach K\u00f6nigsm\u00fchle hinweisendes Schild \u2013 dort ist es n\u00f6tig, das Auto stehen zu lassen. Weiter sehen Sie den\u00a0<a title=\"Abschlussteil zu Fu\u00df\" href=\"#zu-fuss\">Abschlussteil zu Fu\u00df<\/a>.<\/p>\n<p><b>In der Richtung von Bo\u017e\u00ed Dar, J\u00e1chymov und Abertamy<\/b>\u00a0f\u00fchrt die Fahrstra\u00dfe Nr. 219. Hinter Kl\u00ednovec (Keilberg), an der Kreuzung beim Sportzentrum Kl\u00ednovec fahren Sie weiter geradeaus \u2013 ein St\u00fcckchen die Stra\u00dfe Nr. 223 entlang und ein paar Meter nach dem Anfahren dieser Stra\u00dfe biegen Sie nach links ab auf die nicht markierte Asphaltstra\u00dfe zum Dorf H\u00e1j. Ungef\u00e4hr in der Mitte des Dorfs gibt es dann ein nach K\u00f6nigsm\u00fchle hinweisendes Schild \u2013 dort ist es n\u00f6tig, das Auto stehen zu lassen. Weiter sehen Sie den\u00a0<a title=\"Abschlussteil zu Fu\u00df\" href=\"#zu-fuss\">Abschlussteil zu Fu\u00df<\/a>.<\/p>\n<p><b>Von Oberwiesenthal<\/b>\u00a0die Stra\u00dfe Nr. 95 entlang in der Richtung nach Bo\u017e\u00ed Dar, am ersten Kreisverkehr hinter der Grenze die dritte Ausfahrt auf die Stra\u00dfe Nr. 219 (Richtung Neklid, Kl\u00ednovec). Hinter Kl\u00ednovec, an der Kreuzung beim Sportzentrum Kl\u00ednovec fahren Sie weiter geradeaus \u2013 ein St\u00fcckchen die Stra\u00dfe Nr. 223 entlang und ein paar Meter nach dem Anfahren dieser Stra\u00dfe biegen Sie nach links ab auf die nicht markierte Asphaltstra\u00dfe zum Dorf H\u00e1j. Ungef\u00e4hr in der Mitte des Dorfs gibt es dann ein nach K\u00f6nigsm\u00fchle hinweisendes Schild \u2013 dort ist es n\u00f6tig, das Auto stehen zu lassen. Weiter sehen Sie den\u00a0<a title=\"Abschlussteil zu Fu\u00df\" href=\"#zu-fuss\">Abschlussteil zu Fu\u00df<\/a>.<\/p>\n<p><b>Parken\u00a0<\/b>in der Gemeinde H\u00e1j wird f\u00fcr die Veranstaltung \u00fcbersichtlich bezeichnet, die von Ihnen, die sich f\u00fcr die Unterkunft in der Gemeinde entschieden haben, k\u00f6nnen gleich vor der Pension parken, Sie erleichtern so das Parken f\u00fcr die Anderen. Mit dem Rad kann man direkt nach K\u00f6nigsm\u00fchle kommen.<\/p>\n<p>Transport vom Material und von anderen gro\u00dfen und schweren Sachen direkt zum Ort der Veranstaltung wird von zwei Kraftfahrzeugen der Organisatoren, die ein Sondererlaubnis f\u00fcr die Einfahrt ins Naturschutzgebiet haben werden, gew\u00e4hrleistet. Konkretere Informationen dazu nach Absprache vor Ort.<\/p>\n<p>&nbsp;<\/p>\n<h3>Mit dem \u00f6ffentlichen Verkehr<\/h3>\n<ul>\n<li>Bus z. B.: Prag\/Busbahnhof Florenc\u2014Karlovy Vary\u2014Bo\u017e\u00ed Dar\u2014Kl\u00ednovec<\/li>\n<li>Prag\/Busbahnhof Florenc\u2014Chomutov\u2014Vejprty\u2014Kl\u00ednovec (rozc.)<\/li>\n<li>Prag\/Busbahnhof Zli\u010d\u00edn\u2014Kada\u0148\u2014Kov\u00e1\u0159sk\u00e1\u2014Kl\u00ednovec (rozc.)<\/li>\n<li>Von Br\u00fcnn \u00fcber Prag und weiter sehen Sie oben.<\/li>\n<\/ul>\n<p>Mehr dar\u00fcber finden Sie unter: <a href=\"https:\/\/jizdnirady.idnes.cz\/vlakyautobusymhdvse\/spojeni\/\">https:\/\/jizdnirady.idnes.cz\/vlakyautobusymhdvse\/spojeni\/<\/a><\/p>\n<p>Weiter zu Fu\u00df, sehen Sie die Karte oben.<\/p>\n<p>&nbsp;<\/p>\n<h3><a name=\"zu-fuss\"><\/a>Abschlussteil zu Fu\u00df<\/h3>\n<p>Direkt aus der Gemeinde H\u00e1j (Lou\u010dn\u00e1 pod\u00a0Kl\u00ednovcem) f\u00fchrt ein Fu\u00dfweg zwischen den H\u00e4usern in der Richtung zum Naturschutzgebiet \u201eHorsk\u00e1 louka u\u00a0H\u00e1je\u201c. Der Weg ist von der Hauptstra\u00dfe gekennzeichnet \u2013 ungef\u00e4hr in der Mitte der Gemeinde gibt es ein braunes Schild, das direkt zu K\u00f6nigsm\u00fchle hinweist. K\u00f6nigsm\u00fchle befindet sich auf der Grenze dieses Naturschutzgebietes. Damit ist aber die Kennzeichnung zu Ende. Der alte Hohlweg f\u00fchrt senkrecht zu der Stra\u00dfe \u00fcber den H\u00fcgelgipfel, das dunkle Holzkreuz entlang, bergab ins Tal auf der anderen H\u00fcgelseite. Beim Runtergehen kann man schon die Dorfruinen sehen.<\/p>\n<p>Der letzte Wegeabschnitt ist nicht turistisch bedeutend anspruchsvoll und soll f\u00fcr die Kinder von 4 Jahren kein Problem darstellen, mit einem Terrainkinderwagen soll das Ziel nicht unerreichbar bleiben. Dennoch ist der Fu\u00dfweg zum Ort nicht f\u00fcr die Menschen mit stark verminderter Bewegungsf\u00e4higkeit geeignet.<\/p>\n<p>&nbsp;<\/p>\n<h3>Zum mitnehmen<\/h3>\n<ul>\n<li>Outdoorbekleidung und Schuhe<\/li>\n<li>Regendichte Jacke oder Regenmantel<\/li>\n<li>Tragbares St\u00fchlchen oder Isomatte zum Hinsetzen<\/li>\n<li>Taschenlampe<\/li>\n<li>Nach Erw\u00e4gung (Taschen)messer, pers\u00f6nliche Hausapotheke<\/li>\n<li>Andere Sachen f\u00fcr eigenen pers\u00f6nlichen Bedarf<\/li>\n<\/ul>\n<p>&nbsp;<\/p>\n<p>Essen und Trinken (alkoholische wie alkoholfreie Getr\u00e4nke) in gen\u00fcgsamer Menge werden f\u00fcr einen symbolischen Geldbetrag zum Kaufen vor Ort sein. Eine provisorische Toilette wird da auch zur Verf\u00fcgung sein (Waldaroma gesichert).<\/p>\n","protected":false},"excerpt":{"rendered":"<p>Gr\u00f6\u00dfere Kartenansicht |\u00a0GPS Koordinaten: 50.40925 (Y)\u00b0 a\u00a013.00961 (X)\u00b0 &nbsp; Mit dem Auto, mit dem Rad und anders die Stra\u00dfe entlang Richtung von M\u011bd\u011bnec, Kl\u00e1\u0161terec nad\u00a0Oh\u0159\u00ed, Kada\u0148 und Chomutov \u2013\u00a0von der Gemeinde Horn\u00ed Hal\u017ee f\u00fchrt die Fahrstra\u00dfe Nr. 223. Ein paar Meter vor der Kreuzung beim Sportzentrum Kl\u00ednovec gibt es eine Abbiegung nach rechts zu der [&hellip;]<\/p>\n","protected":false},"author":1,"featured_media":0,"parent":147,"menu_order":8,"comment_status":"closed","ping_status":"closed","template":"","meta":{"_acf_changed":false,"footnotes":""},"acf":[],"_links":{"self":[{"href":"https:\/\/konigsmuhle.cz\/de\/wp-json\/wp\/v2\/pages\/30"}],"collection":[{"href":"https:\/\/konigsmuhle.cz\/de\/wp-json\/wp\/v2\/pages"}],"about":[{"href":"https:\/\/konigsmuhle.cz\/de\/wp-json\/wp\/v2\/types\/page"}],"author":[{"embeddable":true,"href":"https:\/\/konigsmuhle.cz\/de\/wp-json\/wp\/v2\/users\/1"}],"replies":[{"embeddable":true,"href":"https:\/\/konigsmuhle.cz\/de\/wp-json\/wp\/v2\/comments?post=30"}],"version-history":[{"count":0,"href":"https:\/\/konigsmuhle.cz\/de\/wp-json\/wp\/v2\/pages\/30\/revisions"}],"up":[{"embeddable":true,"href":"https:\/\/konigsmuhle.cz\/de\/wp-json\/wp\/v2\/pages\/147"}],"wp:attachment":[{"href":"https:\/\/konigsmuhle.cz\/de\/wp-json\/wp\/v2\/media?parent=30"}],"curies":[{"name":"wp","href":"https:\/\/api.w.org\/{rel}","templated":true}]}}