{"id":3068,"date":"2022-07-20T09:24:28","date_gmt":"2022-07-20T07:24:28","guid":{"rendered":"https:\/\/konigsmuhle.cz\/setkani-v-roce-2022-bude-ve-znameni-hledani-rovnovahy-das-treffen-2022-wird-von-der-suche-nach-einem-gleichgewicht-gepragt-sein\/"},"modified":"2022-07-20T09:24:28","modified_gmt":"2022-07-20T07:24:28","slug":"setkani-v-roce-2022-bude-ve-znameni-hledani-rovnovahy-das-treffen-2022-wird-von-der-suche-nach-einem-gleichgewicht-gepragt-sein","status":"publish","type":"page","link":"https:\/\/konigsmuhle.cz\/de\/setkani-v-roce-2022-bude-ve-znameni-hledani-rovnovahy-das-treffen-2022-wird-von-der-suche-nach-einem-gleichgewicht-gepragt-sein\/","title":{"rendered":"Setk\u00e1n\u00ed v roce 2022 bude ve znamen\u00ed hled\u00e1n\u00ed rovnov\u00e1hy. \/ Das Treffen 2022 wird von der Suche nach einem Gleichgewicht gepr\u00e4gt sein."},"content":{"rendered":"","protected":false},"excerpt":{"rendered":"","protected":false},"author":3,"featured_media":0,"parent":0,"menu_order":0,"comment_status":"closed","ping_status":"closed","template":"","meta":{"_acf_changed":false,"footnotes":""},"acf":[],"_links":{"self":[{"href":"https:\/\/konigsmuhle.cz\/de\/wp-json\/wp\/v2\/pages\/3068"}],"collection":[{"href":"https:\/\/konigsmuhle.cz\/de\/wp-json\/wp\/v2\/pages"}],"about":[{"href":"https:\/\/konigsmuhle.cz\/de\/wp-json\/wp\/v2\/types\/page"}],"author":[{"embeddable":true,"href":"https:\/\/konigsmuhle.cz\/de\/wp-json\/wp\/v2\/users\/3"}],"replies":[{"embeddable":true,"href":"https:\/\/konigsmuhle.cz\/de\/wp-json\/wp\/v2\/comments?post=3068"}],"version-history":[{"count":0,"href":"https:\/\/konigsmuhle.cz\/de\/wp-json\/wp\/v2\/pages\/3068\/revisions"}],"wp:attachment":[{"href":"https:\/\/konigsmuhle.cz\/de\/wp-json\/wp\/v2\/media?parent=3068"}],"curies":[{"name":"wp","href":"https:\/\/api.w.org\/{rel}","templated":true}]}}